{"id":8,"date":"2020-10-29T00:29:10","date_gmt":"2020-10-29T03:29:10","guid":{"rendered":"https:\/\/universoblum.com\/?page_id=8"},"modified":"2021-03-30T15:58:58","modified_gmt":"2021-03-30T15:58:58","slug":"dicas","status":"publish","type":"page","link":"https:\/\/universoblum.com\/","title":{"rendered":"Dicas"},"content":{"rendered":"\n<p class=\"heading-size-2\"><span style=\"display: inline-block\" class=\"wow fadeInRight delay-02s\">BEM<\/span><br><span style=\"display: inline-block\" class=\"wow fadeInRight delay-03s\">VINDO(a)<\/span><br><span style=\"display: inline-block\" class=\"wow fadeInRight delay-04s\">AO<\/span><br><span style=\"display: inline-block\" class=\"wow fadeInRight delay-05s\">UNIVERSO<\/span><br><span style=\"display: inline-block\" class=\"wow fadeInRight delay-06s\">BLUM<\/span><\/p>\n\n\n\n<div class=\"wp-block-group alignwide home--02 style--bottom-black bottom-right\"><div class=\"wp-block-group__inner-container\">\n<p class=\"tagline wow slow fadeInRight delay-1-5s\"><strong>#DICAS BLUM<\/strong><\/p>\n\n\n\n<h1 class=\"down wow fadeInRight slow delay-2s\"><span style=\"text-decoration: underline;\">Como<br>Cuidar<\/span><\/h1>\n\n\n\n<ul class=\"h-nav wow fadeInUp delay-05s\"><li><a href=\"#buque\" data-type=\"internal\" data-id=\"#buque\" data-additional-offset=\"-70\">Buqu\u00ea<\/a><\/li><li><a href=\"#orquidea\" data-type=\"internal\" data-id=\"#buque\" data-additional-offset=\"-70\">Orqu\u00eddea<\/a><\/li><li><a href=\"#terrario-aberto\" data-type=\"internal\" data-id=\"#buque\" data-additional-offset=\"-70\">Terr\u00e1rio aberto<\/a><\/li><li>Terr\u00e1rio fechado<\/li><\/ul>\n<\/div><\/div>\n\n\n\n<h3 class=\"wow fadeInLeft slow delay-04s number-title heading-size-1 alignwide fadeInUp delay-03s\" id=\"buque\"><em>1<\/em> <br>BUQU\u00ca<\/h3>\n\n\n\n<div class=\"wp-block-columns alignfull home--03\">\n<div class=\"wp-block-column\" style=\"flex-basis:47%\">\n<figure class=\"wp-block-image size-large wow fadeIn slow delay-04s\"><img loading=\"lazy\" width=\"768\" height=\"1024\" src=\"https:\/\/universoblum.com\/wp-content\/uploads\/2021\/03\/WhatsApp-Image-2021-03-24-at-12.22.18-768x1024.jpeg\" alt=\"\" class=\"wp-image-183\" srcset=\"https:\/\/universoblum.com\/wp-content\/uploads\/2021\/03\/WhatsApp-Image-2021-03-24-at-12.22.18-768x1024.jpeg 768w, https:\/\/universoblum.com\/wp-content\/uploads\/2021\/03\/WhatsApp-Image-2021-03-24-at-12.22.18-225x300.jpeg 225w, https:\/\/universoblum.com\/wp-content\/uploads\/2021\/03\/WhatsApp-Image-2021-03-24-at-12.22.18.jpeg 960w\" sizes=\"(max-width: 768px) 100vw, 768px\" \/><\/figure>\n<\/div>\n\n\n\n<div class=\"wp-block-column wow fadeIn delay-07s\" style=\"flex-basis:35%\">\n<p><strong><em>Para manter o frescor e prolongar a vida das suas flores e folhagens, \u00e9 preciso acondicion\u00e1-las ou prepar\u00e1-las adequadamente antes do uso.<\/em><\/strong><\/p>\n\n\n\n<ul><li>Ao receber o seu buqu\u00ea, retire as flores da embalagem e coloque-as em um vaso com \u00e1gua, deixando, em m\u00e9dia, 5 cm de haste submersa.<\/li><li>Corte, diariamente, 2 a 3 cm das hastes na diagonal e troque a \u00e1gua do vaso por uma nova. A hidrata\u00e7\u00e3o est\u00e1 diretamente relacionada a durabilidade das flores.<\/li><li>Evite deixar as folhas sob a \u00e1gua. Se isso ocorrer, retire-as. Isso evita a prolifera\u00e7\u00e3o de bact\u00e9rias, e o r\u00e1pido turvamento da \u00e1gua, mantendo a apar\u00eancia cristalina.<\/li><\/ul>\n<\/div>\n\n\n\n<div class=\"wp-block-column\"><\/div>\n<\/div>\n\n\n\n<h3 class=\"wow fadeInLeft slow delay-04s number-title heading-size-1 alignwide fadeInUp delay-03s\" id=\"orquidea\"><em>2<\/em> <br>ORQU\u00cdDEA<\/h3>\n\n\n\n<div class=\"wp-block-columns alignfull home--03\">\n<div class=\"wp-block-column\" style=\"flex-basis:47%\">\n<figure class=\"wp-block-image size-large wow fadeIn slow delay-04s\"><img src=\"https:\/\/universoblum.com\/wp-content\/uploads\/2020\/11\/kai-oberhauser-3rVTBpqyx0E-unsplash-1-895x1024.jpg\" alt=\"\" class=\"wp-image-111\"\/><\/figure>\n<\/div>\n\n\n\n<div class=\"wp-block-column wow fadeIn delay-07s\" style=\"flex-basis:35%\">\n<p><strong><em>O cultivo n\u00e3o \u00e9 dif\u00edcil, mas conhecer alguns segredos da cultura da orqu\u00eddea ajudar\u00e1 a ter plantas vigorosas e super flor\u00edferas<\/em><\/strong><\/p>\n\n\n\n<ul><li>Deixe sua orqu\u00eddea em um local bem iluminado, mas que n\u00e3o receba luz solar direta.<\/li><li>Cuidado com o excesso de vento.<\/li><li>Para reg\u00e1-las, leve o vaso at\u00e9 uma pia e ligue a torneira, deixando um fluxo de \u00e1gua leve sobre ela, e ent\u00e3o devolva-a ao seu cachepot. Um bom indicativo do momento certo de repetir a rega s\u00e3o as ra\u00edzes. Quando elas est\u00e3o verdes, indicam que a planta ainda est\u00e1 hidratada. Ra\u00edzes brancas sinalizam que secaram e precisam ser  irrigadas novamente.<\/li><\/ul>\n<\/div>\n\n\n\n<div class=\"wp-block-column\"><\/div>\n<\/div>\n\n\n\n<h3 class=\"wow fadeInLeft slow delay-04s number-title heading-size-1 alignwide fadeInUp delay-03s\" id=\"terrario-aberto\"><em>3<\/em> <br>TERR\u00c1RIO aberto<\/h3>\n\n\n\n<div class=\"wp-block-columns alignfull home--03\">\n<div class=\"wp-block-column\" style=\"flex-basis:47%\">\n<figure class=\"wp-block-image size-large wow fadeIn slow delay-04s\"><img loading=\"lazy\" width=\"768\" height=\"1024\" src=\"https:\/\/universoblum.com\/wp-content\/uploads\/2021\/03\/2021-03-24-12.39.22-768x1024.jpg\" alt=\"\" class=\"wp-image-180\" srcset=\"https:\/\/universoblum.com\/wp-content\/uploads\/2021\/03\/2021-03-24-12.39.22-768x1024.jpg 768w, https:\/\/universoblum.com\/wp-content\/uploads\/2021\/03\/2021-03-24-12.39.22-225x300.jpg 225w, https:\/\/universoblum.com\/wp-content\/uploads\/2021\/03\/2021-03-24-12.39.22.jpg 960w\" sizes=\"(max-width: 768px) 100vw, 768px\" \/><\/figure>\n<\/div>\n\n\n\n<div class=\"wp-block-column wow fadeIn delay-07s\" style=\"flex-basis:35%\">\n<ul><li>Deixe seu terr\u00e1rio em uma varanda ou janela ensolarada que, preferencialmente, receba luz solar direta.<\/li><li>Se o local n\u00e3o for bem iluminado, n\u00e3o tem problema, desde que de vez em quando voc\u00ea leve o terr\u00e1rio para tomar um banho de sol =)<\/li><li>Se suas suculentas e cactos estiverem ficando &#8220;esticadas&#8221;, e com grande espa\u00e7amento entre as folhas, \u00e9 sinal que elas est\u00e3o precisando de mais sol.<\/li><li>Para regar seu terr\u00e1rio, use uma seringa ou um recipiente com bico dosador (como aqueles para ketchup). Lembre-se de nunca molhar as folhas das plantas. O ideal \u00e9 deixar a \u00e1gua escorrer pelo vidro ou mirar em uma pedrinha. A hora certa  para parar de regar, \u00e9 quando a \u00e1gua chegar no fundo do vidro. Ent\u00e3o \u00e9 s\u00f3 levantar enquanto rega, e ficar de olho! Repetir apenas alguns dias depois, quando a terra estiver seca.<\/li><\/ul>\n<\/div>\n\n\n\n<div class=\"wp-block-column\"><\/div>\n<\/div>\n\n\n\n<h3 class=\"wow fadeInLeft slow delay-04s number-title heading-size-1 alignwide fadeInUp delay-03s\" id=\"terrario-fechado\"><em>4<\/em><br>TERR\u00c1RIO fechado<\/h3>\n\n\n\n<div class=\"wp-block-columns alignfull home--04\">\n<div class=\"wp-block-column\" style=\"flex-basis:47%\">\n<figure class=\"wp-block-image size-large wow fadeIn slow delay-04s\"><img loading=\"lazy\" width=\"750\" height=\"712\" src=\"https:\/\/universoblum.com\/wp-content\/uploads\/2021\/03\/2021-03-24-12.39.26.jpg\" alt=\"\" class=\"wp-image-181\" srcset=\"https:\/\/universoblum.com\/wp-content\/uploads\/2021\/03\/2021-03-24-12.39.26.jpg 750w, https:\/\/universoblum.com\/wp-content\/uploads\/2021\/03\/2021-03-24-12.39.26-300x285.jpg 300w\" sizes=\"(max-width: 750px) 100vw, 750px\" \/><\/figure>\n<\/div>\n\n\n\n<div class=\"wp-block-column wow fadeIn delay-07s\" style=\"flex-basis:35%\">\n<ul><li>Mantenha seu terr\u00e1rio em um ambiente bem iluminado mas nunca com luz solar direta. O vidro pode funcionar como uma lente de aumento, e acabar queimando suas plantinhas.<\/li><li>Verifique regularmente o n\u00edvel de umidade do solo. Quando for necess\u00e1rio, a rega deve ser feita com uma seringa ou recipiente com bico dosador. O ideal \u00e9 deixar a \u00e1gua escorrer pelo vidro e ir observando at\u00e9 chegar no fundo do vaso &#8211; hora de parar.<\/li><li>Uma vez selados, os terr\u00e1rios praticamente n\u00e3o necessitam de outra manuten\u00e7\u00e3o, al\u00e9m da limpeza do exterior do vidro.<\/li><li>Pode ser necess\u00e1rio aparar periodicamente as plantas que est\u00e3o se tornando muito grandes. Realizamos esse servi\u00e7o!<\/li><\/ul>\n<\/div>\n\n\n\n<div class=\"wp-block-column\"><\/div>\n<\/div>\n","protected":false},"excerpt":{"rendered":"<p>BEMVINDO(a)AOUNIVERSOBLUM 1 BUQU\u00ca Para manter o frescor e prolongar a vida das suas flores e folhagens, \u00e9 preciso acondicion\u00e1-las ou prepar\u00e1-las adequadamente antes do uso. Ao receber o seu buqu\u00ea, retire as flores da embalagem e coloque-as em um vaso com \u00e1gua, deixando, em m\u00e9dia, 5 cm de haste submersa. Corte, diariamente, 2 a 3 [&hellip;]<\/p>\n","protected":false},"author":1,"featured_media":0,"parent":0,"menu_order":0,"comment_status":"closed","ping_status":"closed","template":"templates\/1-alpha.php","meta":[],"_links":{"self":[{"href":"https:\/\/universoblum.com\/index.php?rest_route=\/wp\/v2\/pages\/8"}],"collection":[{"href":"https:\/\/universoblum.com\/index.php?rest_route=\/wp\/v2\/pages"}],"about":[{"href":"https:\/\/universoblum.com\/index.php?rest_route=\/wp\/v2\/types\/page"}],"author":[{"embeddable":true,"href":"https:\/\/universoblum.com\/index.php?rest_route=\/wp\/v2\/users\/1"}],"replies":[{"embeddable":true,"href":"https:\/\/universoblum.com\/index.php?rest_route=%2Fwp%2Fv2%2Fcomments&post=8"}],"version-history":[{"count":4,"href":"https:\/\/universoblum.com\/index.php?rest_route=\/wp\/v2\/pages\/8\/revisions"}],"predecessor-version":[{"id":188,"href":"https:\/\/universoblum.com\/index.php?rest_route=\/wp\/v2\/pages\/8\/revisions\/188"}],"wp:attachment":[{"href":"https:\/\/universoblum.com\/index.php?rest_route=%2Fwp%2Fv2%2Fmedia&parent=8"}],"curies":[{"name":"wp","href":"https:\/\/api.w.org\/{rel}","templated":true}]}}