{"id":12,"date":"2020-10-29T18:07:23","date_gmt":"2020-10-29T21:07:23","guid":{"rendered":"https:\/\/universoblum.com\/?page_id=12"},"modified":"2021-03-23T22:57:12","modified_gmt":"2021-03-23T22:57:12","slug":"sobre","status":"publish","type":"page","link":"https:\/\/universoblum.com\/?page_id=12","title":{"rendered":"Sobre"},"content":{"rendered":"\n<div class=\"wp-block-group alignfull has-text-color has-background\" style=\"background-color:#a6c1c4;color:#ecece7\"><div class=\"wp-block-group__inner-container\">\n<h1 class=\"has-text-align-center wow fadeInUp slower delay-03s\">FLORES S\u00c3O POESIA CONCRETA<\/h1>\n<\/div><\/div>\n\n\n\n<div class=\"wp-block-columns alignfull\">\n<div class=\"wp-block-column\">\n<figure class=\"wp-block-image size-full no-margin wow fadeIn slow delay-03s\"><img loading=\"lazy\" width=\"2560\" height=\"1707\" src=\"https:\/\/universoblum.com\/wp-content\/uploads\/2021\/03\/unnamed-scaled.jpg\" alt=\"\" class=\"wp-image-177\" srcset=\"https:\/\/universoblum.com\/wp-content\/uploads\/2021\/03\/unnamed-scaled.jpg 2560w, https:\/\/universoblum.com\/wp-content\/uploads\/2021\/03\/unnamed-300x200.jpg 300w\" sizes=\"(max-width: 2560px) 100vw, 2560px\" \/><\/figure>\n<\/div>\n\n\n\n<div class=\"wp-block-column style--bottom-line-small\">\n<h2 class=\"wow fadeInRight slow delay-03s\">SOBRE A LOJA<\/h2>\n\n\n\n<p>Ap\u00f3s alguns anos de minucioso planejamento, a Blum foi fundada em Dezembro de 2018 pelo arquiteto e designer floral, Vinicius Vinagre.<\/p>\n\n\n\n<p>Com uma expressiva capacita\u00e7\u00e3o em paisagismo e design floral, Vinicius sonhou em criar uma loja que buscasse surpreender seus clientes atrav\u00e9s da aten\u00e7\u00e3o aos detalhes e de um atendimento cuidadoso e de qualidade.<\/p>\n\n\n\n<p>A Blum foi pensada considerando tr\u00eas pilares: irrever\u00eancia, respeito \u00e0 diversidade e valoriza\u00e7\u00e3o da natureza e da arte.<\/p>\n<\/div>\n<\/div>\n\n\n\n<div class=\"wp-block-columns alignfull\">\n<div class=\"wp-block-column\">\n<div class=\"wp-block-image wow fadeIn slow delay-03s\"><figure class=\"alignright size-large is-resized\"><img src=\"http:\/\/universoblum.com\/wp-content\/uploads\/2021\/03\/unnamed-2-scaled.jpg\" alt=\"\" class=\"wp-image-178\" width=\"400\" srcset=\"https:\/\/universoblum.com\/wp-content\/uploads\/2021\/03\/unnamed-2-scaled.jpg 2560w, https:\/\/universoblum.com\/wp-content\/uploads\/2021\/03\/unnamed-2-300x200.jpg 300w\" sizes=\"(max-width: 2560px) 100vw, 2560px\" \/><\/figure><\/div>\n<\/div>\n\n\n\n<div class=\"wp-block-column style--bottom-line-small\">\n<h2 class=\"wow fadeInRight slow delay-03s\">SOBRE A EQUIPE<\/h2>\n\n\n\n<p>Somos uma equipe que quer fazer a diferen\u00e7a, mesmo a passos simples.<\/p>\n\n\n\n<p>Acreditamos na autenticidade, no conhecimento da pr\u00f3pria ess\u00eancia e no equil\u00edbrio da natureza. Desejamos proporcionar momentos \u00fanicos aos nossos clientes, atrav\u00e9s da surpresa de presentear conosco. Queremos um mundo onde pessoas sejam respeitadas por serem \u00fanicas, e vivam sua natureza.<\/p>\n\n\n\n<p>Bem vinda (o) a Blum!<\/p>\n\n\n\n<div style=\"height:60px\" aria-hidden=\"true\" class=\"wp-block-spacer\"><\/div>\n<\/div>\n<\/div>\n","protected":false},"excerpt":{"rendered":"<p>SOBRE A LOJA Ap\u00f3s alguns anos de minucioso planejamento, a Blum foi fundada em Dezembro de 2018 pelo arquiteto e designer floral, Vinicius Vinagre. Com uma expressiva capacita\u00e7\u00e3o em paisagismo e design floral, Vinicius sonhou em criar uma loja que buscasse surpreender seus clientes atrav\u00e9s da aten\u00e7\u00e3o aos detalhes e de um atendimento cuidadoso e [&hellip;]<\/p>\n","protected":false},"author":1,"featured_media":0,"parent":0,"menu_order":0,"comment_status":"closed","ping_status":"closed","template":"templates\/2-beta.php","meta":[],"_links":{"self":[{"href":"https:\/\/universoblum.com\/index.php?rest_route=\/wp\/v2\/pages\/12"}],"collection":[{"href":"https:\/\/universoblum.com\/index.php?rest_route=\/wp\/v2\/pages"}],"about":[{"href":"https:\/\/universoblum.com\/index.php?rest_route=\/wp\/v2\/types\/page"}],"author":[{"embeddable":true,"href":"https:\/\/universoblum.com\/index.php?rest_route=\/wp\/v2\/users\/1"}],"replies":[{"embeddable":true,"href":"https:\/\/universoblum.com\/index.php?rest_route=%2Fwp%2Fv2%2Fcomments&post=12"}],"version-history":[{"count":2,"href":"https:\/\/universoblum.com\/index.php?rest_route=\/wp\/v2\/pages\/12\/revisions"}],"predecessor-version":[{"id":179,"href":"https:\/\/universoblum.com\/index.php?rest_route=\/wp\/v2\/pages\/12\/revisions\/179"}],"wp:attachment":[{"href":"https:\/\/universoblum.com\/index.php?rest_route=%2Fwp%2Fv2%2Fmedia&parent=12"}],"curies":[{"name":"wp","href":"https:\/\/api.w.org\/{rel}","templated":true}]}}